{"id":1567,"date":"2024-06-22T19:24:46","date_gmt":"2024-06-22T19:24:46","guid":{"rendered":"https:\/\/bh-desarrollosweb.com\/Iniestra\/?page_id=1567"},"modified":"2024-07-20T16:16:28","modified_gmt":"2024-07-20T16:16:28","slug":"aviso-de-privacidad","status":"publish","type":"page","link":"https:\/\/iabogados.mx\/es\/aviso-de-privacidad\/","title":{"rendered":"Aviso de Privacidad"},"content":{"rendered":"\t\t<div data-elementor-type=\"wp-page\" data-elementor-id=\"1567\" class=\"elementor elementor-1567\" data-elementor-post-type=\"page\">\n\t\t\t\t<div class=\"elementor-element elementor-element-f046235 e-flex e-con-boxed e-con e-parent\" data-id=\"f046235\" data-element_type=\"container\" data-e-type=\"container\" data-settings=\"{&quot;background_background&quot;:&quot;classic&quot;}\">\n\t\t\t\t\t<div class=\"e-con-inner\">\n\t\t<div class=\"elementor-element elementor-element-012fd69 e-flex e-con-boxed e-con e-child\" data-id=\"012fd69\" data-element_type=\"container\" data-e-type=\"container\">\n\t\t\t\t\t<div class=\"e-con-inner\">\n\t\t\t\t<div class=\"elementor-element elementor-element-1307e5c elementor-widget elementor-widget-heading\" data-id=\"1307e5c\" data-element_type=\"widget\" data-e-type=\"widget\" data-widget_type=\"heading.default\">\n\t\t\t\t<div class=\"elementor-widget-container\">\n\t\t\t\t\t<h2 class=\"elementor-heading-title elementor-size-default\">Aviso de Privacidad<\/h2>\t\t\t\t<\/div>\n\t\t\t\t<\/div>\n\t\t\t\t<div class=\"elementor-element elementor-element-7fa776d elementor-widget-divider--view-line elementor-widget elementor-widget-divider\" data-id=\"7fa776d\" data-element_type=\"widget\" data-e-type=\"widget\" data-widget_type=\"divider.default\">\n\t\t\t\t<div class=\"elementor-widget-container\">\n\t\t\t\t\t\t\t<div class=\"elementor-divider\">\n\t\t\t<span class=\"elementor-divider-separator\">\n\t\t\t\t\t\t<\/span>\n\t\t<\/div>\n\t\t\t\t\t\t<\/div>\n\t\t\t\t<\/div>\n\t\t\t\t\t<\/div>\n\t\t\t\t<\/div>\n\t\t\t\t\t<\/div>\n\t\t\t\t<\/div>\n\t\t<div class=\"elementor-element elementor-element-64c01f2 e-flex e-con-boxed e-con e-parent\" data-id=\"64c01f2\" data-element_type=\"container\" data-e-type=\"container\">\n\t\t\t\t\t<div class=\"e-con-inner\">\n\t\t<div class=\"elementor-element elementor-element-2ca21a3 e-con-full e-flex e-con e-child\" data-id=\"2ca21a3\" data-element_type=\"container\" data-e-type=\"container\">\n\t\t\t\t<div class=\"elementor-element elementor-element-a11c0bb elementor-widget elementor-widget-text-editor\" data-id=\"a11c0bb\" data-element_type=\"widget\" data-e-type=\"widget\" data-widget_type=\"text-editor.default\">\n\t\t\t\t<div class=\"elementor-widget-container\">\n\t\t\t\t\t\t\t\t\t<p><strong>JURISTANTUM, S.C.<\/strong> con domicilio en Avenida Palenque 117, Sm 30, Mz 2, Lt 2, Canc\u00fan, Quintana Roo, C.P. 77508, ser\u00e1 el responsable del uso y protecci\u00f3n de los Datos Personales que recabe del usuario (el titular) a trav\u00e9s de la p\u00e1gina web, de conformidad con lo establecido en la Ley Federal de Protecci\u00f3n de Datos Personales en Posesi\u00f3n de Particulares, su reglamento y dem\u00e1s que sean aplicables.<\/p><p><strong>Finalidad del tratamiento de sus datos personales<\/strong><\/p><p>Los Datos Personales que recabemos del titular a trav\u00e9s de nuestra p\u00e1gina web, por correo electr\u00f3nico o cualquier otro medio ser\u00e1n utilizados con el objetivo de confirmar su identidad para brindarle la asesor\u00eda legal y contable que sea necesaria para entender y atender sus necesidades en la contrataci\u00f3n de nuestros servicios. Por lo que sus Datos Personales podr\u00e1n ser utilizados de manera enunciativa m\u00e1s no limitativa para lo siguiente:<\/p><p>a) Brindarle informaci\u00f3n, asesor\u00eda y consultor\u00eda legal o contable.<br \/>b) Elaborar todo tipo de documentos, contratos o instrumentos legales o contables de acuerdo a la necesidad principal de la contrataci\u00f3n de nuestros servicios.<br \/>c) Integraci\u00f3n de expedientes.<br \/>d)Con fines administrativos y de facturaci\u00f3n.<br \/>e) Proceso de reclutamiento de personal.<\/p><p>Los Datos Personales que sean proporcionados por el titular podr\u00e1n ser compartidos con personas f\u00edsicas o morales que de manera enunciativa m\u00e1s no limitativa presten servicios legales, notariales, contables, fiscales, traducciones, valuaciones, etc\u00e9tera, para dar cumplimiento a los servicios que se han contratado, sin que ello signifique que se ha hecho una divulgaci\u00f3n indebida de los Datos Personales del titular.<\/p><p><strong>Datos personales que recabamos<\/strong><\/p><p>Datos de identificaci\u00f3n: Nombre, domicilio, identificaci\u00f3n oficial, registro federal de contribuyentes, clave \u00fanica de registro de poblaci\u00f3n, sexo, lugar y fecha de nacimiento, nacionalidad, correo electr\u00f3nico, tel\u00e9fono.<\/p><p><strong>Limitaci\u00f3n del uso o divulgaci\u00f3n de sus Datos Personales<\/strong><\/p><p>Se hace del conocimiento del titular que el responsable del tratamiento de sus Datos Personales cuenta con los medios tecnol\u00f3gicos necesarios y procedimientos para limitar el uso o divulgaci\u00f3n de sus Datos Personales. Por lo que en caso de que el titular desee limitar el uso o divulgaci\u00f3n de sus datos personales podr\u00e1 hacerlo enviando su solicitud por correo electr\u00f3nico a la siguiente direcci\u00f3n <a href=\"mailto:info@iabogados.mx\">info@iabogados.mx<\/a>.<\/p><p><strong>Derechos de Acceso, Rectificaci\u00f3n, Cancelaci\u00f3n y Oposici\u00f3n del titular<\/strong><\/p><p>Por ning\u00fan motivo sus Datos Personales ser\u00e1n transferidos a terceros, salvo que sea necesario para dar cumplimiento a los servicios contratados, por lo que los Datos Personales del titular, podr\u00e1n ser compartidos con personas f\u00edsicas o morales que de manera enunciativa m\u00e1s no limitativa presten servicios legales, notariales, contables, fiscales, traducciones, valuaciones, etc\u00e9tera, en todo momento sus Datos Personales ser\u00e1n tratados como confidenciales, sin embargo, si usted desea rectificar o cancelar el uso de su informaci\u00f3n podr\u00e1 hacerlo enviando una solicitud por escrito a la siguiente direcci\u00f3n de correo electr\u00f3nico: <a href=\"mailto:info@iabogados.mx\">info@iabogados.mx<\/a>.<\/p><p>En caso de que el titular desee revocar el consentimiento del uso de sus Datos Personales, podr\u00e1 hacerlo mediante correo electr\u00f3nico a la direcci\u00f3n antes mencionada.<\/p><p><strong>Uso de Cookies o Web Beacons<\/strong><\/p><p>Este sitio web puede utilizar cookies o web beacons que facilitan al usuario navegar a trav\u00e9s de \u00e9l, por lo que podremos recopilar de manera autom\u00e1tica informaci\u00f3n sobre su navegaci\u00f3n, ya que estos medios electr\u00f3nicos recaban su informaci\u00f3n en autom\u00e1tico desde el momento en que el usuario navega por el sitio web.<\/p><p><strong>Cambios o modificaciones al Aviso de Privacidad<\/strong><\/p><p>El presente aviso de privacidad puede sufrir modificaciones o actualizaciones derivadas de nuevos requerimientos legales, de las necesidades de los servicios que ofrecemos, de nuestras pr\u00e1cticas de privacidad o cualquier otra causa. Por lo que el titular de los Datos Personales podr\u00e1 consultar peri\u00f3dicamente dichas actualizaciones a nuestro Aviso de Privacidad a trav\u00e9s de nuestro sitio web www.iabogados.mx, o cualquier otro medio de comunicaci\u00f3n que <strong>JURISTANTUM, S.C.<\/strong> determine para tal efecto.<\/p>\t\t\t\t\t\t\t\t<\/div>\n\t\t\t\t<\/div>\n\t\t\t\t<\/div>\n\t\t\t\t\t<\/div>\n\t\t\t\t<\/div>\n\t\t\t\t<\/div>\n\t\t","protected":false},"excerpt":{"rendered":"<p>JURISTANTUM, S.C. con domicilio en Avenida Palenque 117, Sm 30, Mz 2, Lt 2, Canc\u00fan, Quintana Roo, C.P. 77508, ser\u00e1 el responsable del uso y protecci\u00f3n de los Datos Personales que recabe del usuario (el titular) a trav\u00e9s de la p\u00e1gina web, de conformidad con lo establecido en la Ley Federal de Protecci\u00f3n de Datos [&hellip;]<\/p>\n","protected":false},"author":1,"featured_media":0,"parent":0,"menu_order":0,"comment_status":"closed","ping_status":"closed","template":"elementor_header_footer","meta":{"_joinchat":[],"footnotes":""},"class_list":["post-1567","page","type-page","status-publish","hentry"],"yoast_head":"<!-- This site is optimized with the Yoast SEO plugin v27.5 - https:\/\/yoast.com\/product\/yoast-seo-wordpress\/ -->\n<title>Aviso de Privacidad - Iniestra<\/title>\n<meta name=\"robots\" content=\"index, follow, max-snippet:-1, max-image-preview:large, max-video-preview:-1\" \/>\n<link rel=\"canonical\" href=\"https:\/\/iabogados.mx\/notice-of-privacy\/\" \/>\n<meta property=\"og:locale\" content=\"es_ES\" \/>\n<meta property=\"og:type\" content=\"article\" \/>\n<meta property=\"og:title\" content=\"Aviso de Privacidad - Iniestra\" \/>\n<meta property=\"og:description\" content=\"JURISTANTUM, S.C. con domicilio en Avenida Palenque 117, Sm 30, Mz 2, Lt 2, Canc\u00fan, Quintana Roo, C.P. 77508, ser\u00e1 el responsable del uso y protecci\u00f3n de los Datos Personales que recabe del usuario (el titular) a trav\u00e9s de la p\u00e1gina web, de conformidad con lo establecido en la Ley Federal de Protecci\u00f3n de Datos [&hellip;]\" \/>\n<meta property=\"og:url\" content=\"https:\/\/iabogados.mx\/notice-of-privacy\/\" \/>\n<meta property=\"og:site_name\" content=\"Iniestra\" \/>\n<meta property=\"article:modified_time\" content=\"2024-07-20T16:16:28+00:00\" \/>\n<meta name=\"twitter:card\" content=\"summary_large_image\" \/>\n<meta name=\"twitter:label1\" content=\"Tiempo de lectura\" \/>\n\t<meta name=\"twitter:data1\" content=\"3 minutos\" \/>\n<script type=\"application\/ld+json\" class=\"yoast-schema-graph\">{\"@context\":\"https:\\\/\\\/schema.org\",\"@graph\":[{\"@type\":\"WebPage\",\"@id\":\"https:\\\/\\\/iabogados.mx\\\/notice-of-privacy\\\/\",\"url\":\"https:\\\/\\\/iabogados.mx\\\/notice-of-privacy\\\/\",\"name\":\"Aviso de Privacidad - Iniestra\",\"isPartOf\":{\"@id\":\"https:\\\/\\\/iabogados.mx\\\/#website\"},\"datePublished\":\"2024-06-22T19:24:46+00:00\",\"dateModified\":\"2024-07-20T16:16:28+00:00\",\"breadcrumb\":{\"@id\":\"https:\\\/\\\/iabogados.mx\\\/notice-of-privacy\\\/#breadcrumb\"},\"inLanguage\":\"es\",\"potentialAction\":[{\"@type\":\"ReadAction\",\"target\":[\"https:\\\/\\\/iabogados.mx\\\/notice-of-privacy\\\/\"]}]},{\"@type\":\"BreadcrumbList\",\"@id\":\"https:\\\/\\\/iabogados.mx\\\/notice-of-privacy\\\/#breadcrumb\",\"itemListElement\":[{\"@type\":\"ListItem\",\"position\":1,\"name\":\"Home\",\"item\":\"https:\\\/\\\/iabogados.mx\\\/es\\\/\"},{\"@type\":\"ListItem\",\"position\":2,\"name\":\"Aviso de Privacidad\"}]},{\"@type\":\"WebSite\",\"@id\":\"https:\\\/\\\/iabogados.mx\\\/#website\",\"url\":\"https:\\\/\\\/iabogados.mx\\\/\",\"name\":\"Iniestra\",\"description\":\"Iniestra 2024\",\"publisher\":{\"@id\":\"https:\\\/\\\/iabogados.mx\\\/#organization\"},\"potentialAction\":[{\"@type\":\"SearchAction\",\"target\":{\"@type\":\"EntryPoint\",\"urlTemplate\":\"https:\\\/\\\/iabogados.mx\\\/?s={search_term_string}\"},\"query-input\":{\"@type\":\"PropertyValueSpecification\",\"valueRequired\":true,\"valueName\":\"search_term_string\"}}],\"inLanguage\":\"es\"},{\"@type\":\"Organization\",\"@id\":\"https:\\\/\\\/iabogados.mx\\\/#organization\",\"name\":\"Iniestra\",\"url\":\"https:\\\/\\\/iabogados.mx\\\/\",\"logo\":{\"@type\":\"ImageObject\",\"inLanguage\":\"es\",\"@id\":\"https:\\\/\\\/iabogados.mx\\\/#\\\/schema\\\/logo\\\/image\\\/\",\"url\":\"https:\\\/\\\/iabogados.mx\\\/wp-content\\\/uploads\\\/2024\\\/05\\\/Iniestra.png\",\"contentUrl\":\"https:\\\/\\\/iabogados.mx\\\/wp-content\\\/uploads\\\/2024\\\/05\\\/Iniestra.png\",\"width\":332,\"height\":410,\"caption\":\"Iniestra\"},\"image\":{\"@id\":\"https:\\\/\\\/iabogados.mx\\\/#\\\/schema\\\/logo\\\/image\\\/\"}}]}<\/script>\n<!-- \/ Yoast SEO plugin. -->","yoast_head_json":{"title":"Aviso de Privacidad - Iniestra","robots":{"index":"index","follow":"follow","max-snippet":"max-snippet:-1","max-image-preview":"max-image-preview:large","max-video-preview":"max-video-preview:-1"},"canonical":"https:\/\/iabogados.mx\/notice-of-privacy\/","og_locale":"es_ES","og_type":"article","og_title":"Aviso de Privacidad - Iniestra","og_description":"JURISTANTUM, S.C. con domicilio en Avenida Palenque 117, Sm 30, Mz 2, Lt 2, Canc\u00fan, Quintana Roo, C.P. 77508, ser\u00e1 el responsable del uso y protecci\u00f3n de los Datos Personales que recabe del usuario (el titular) a trav\u00e9s de la p\u00e1gina web, de conformidad con lo establecido en la Ley Federal de Protecci\u00f3n de Datos [&hellip;]","og_url":"https:\/\/iabogados.mx\/notice-of-privacy\/","og_site_name":"Iniestra","article_modified_time":"2024-07-20T16:16:28+00:00","twitter_card":"summary_large_image","twitter_misc":{"Tiempo de lectura":"3 minutos"},"schema":{"@context":"https:\/\/schema.org","@graph":[{"@type":"WebPage","@id":"https:\/\/iabogados.mx\/notice-of-privacy\/","url":"https:\/\/iabogados.mx\/notice-of-privacy\/","name":"Aviso de Privacidad - Iniestra","isPartOf":{"@id":"https:\/\/iabogados.mx\/#website"},"datePublished":"2024-06-22T19:24:46+00:00","dateModified":"2024-07-20T16:16:28+00:00","breadcrumb":{"@id":"https:\/\/iabogados.mx\/notice-of-privacy\/#breadcrumb"},"inLanguage":"es","potentialAction":[{"@type":"ReadAction","target":["https:\/\/iabogados.mx\/notice-of-privacy\/"]}]},{"@type":"BreadcrumbList","@id":"https:\/\/iabogados.mx\/notice-of-privacy\/#breadcrumb","itemListElement":[{"@type":"ListItem","position":1,"name":"Home","item":"https:\/\/iabogados.mx\/es\/"},{"@type":"ListItem","position":2,"name":"Aviso de Privacidad"}]},{"@type":"WebSite","@id":"https:\/\/iabogados.mx\/#website","url":"https:\/\/iabogados.mx\/","name":"Iniestra","description":"Iniestra 2024","publisher":{"@id":"https:\/\/iabogados.mx\/#organization"},"potentialAction":[{"@type":"SearchAction","target":{"@type":"EntryPoint","urlTemplate":"https:\/\/iabogados.mx\/?s={search_term_string}"},"query-input":{"@type":"PropertyValueSpecification","valueRequired":true,"valueName":"search_term_string"}}],"inLanguage":"es"},{"@type":"Organization","@id":"https:\/\/iabogados.mx\/#organization","name":"Iniestra","url":"https:\/\/iabogados.mx\/","logo":{"@type":"ImageObject","inLanguage":"es","@id":"https:\/\/iabogados.mx\/#\/schema\/logo\/image\/","url":"https:\/\/iabogados.mx\/wp-content\/uploads\/2024\/05\/Iniestra.png","contentUrl":"https:\/\/iabogados.mx\/wp-content\/uploads\/2024\/05\/Iniestra.png","width":332,"height":410,"caption":"Iniestra"},"image":{"@id":"https:\/\/iabogados.mx\/#\/schema\/logo\/image\/"}}]}},"_links":{"self":[{"href":"https:\/\/iabogados.mx\/es\/wp-json\/wp\/v2\/pages\/1567","targetHints":{"allow":["GET"]}}],"collection":[{"href":"https:\/\/iabogados.mx\/es\/wp-json\/wp\/v2\/pages"}],"about":[{"href":"https:\/\/iabogados.mx\/es\/wp-json\/wp\/v2\/types\/page"}],"author":[{"embeddable":true,"href":"https:\/\/iabogados.mx\/es\/wp-json\/wp\/v2\/users\/1"}],"replies":[{"embeddable":true,"href":"https:\/\/iabogados.mx\/es\/wp-json\/wp\/v2\/comments?post=1567"}],"version-history":[{"count":21,"href":"https:\/\/iabogados.mx\/es\/wp-json\/wp\/v2\/pages\/1567\/revisions"}],"predecessor-version":[{"id":1942,"href":"https:\/\/iabogados.mx\/es\/wp-json\/wp\/v2\/pages\/1567\/revisions\/1942"}],"wp:attachment":[{"href":"https:\/\/iabogados.mx\/es\/wp-json\/wp\/v2\/media?parent=1567"}],"curies":[{"name":"wp","href":"https:\/\/api.w.org\/{rel}","templated":true}]}}